{"id":608,"date":"2023-08-26T02:44:27","date_gmt":"2023-08-26T02:44:27","guid":{"rendered":"https:\/\/vietpassiontravel.com\/?page_id=608"},"modified":"2023-08-26T02:44:27","modified_gmt":"2023-08-26T02:44:27","slug":"payment-policy","status":"publish","type":"page","link":"https:\/\/vietpassiontravel.com\/en\/payment-policy\/","title":{"rendered":"Payment policy"},"content":{"rendered":"<p><strong>H\u00ecnh th\u1ee9c thanh to\u00e1n\u00a0h\u01b0\u1edbng d\u1eabn chi ti\u1ebft v\u1edbi ch\u00ednh s\u00e1ch t\u1ed1t cho kh\u00e1ch h\u00e0ng s\u1eed d\u1ee5ng d\u1ecbch v\u1ee5 c\u1ee7a C\u00d4NG TY TR\u00c1CH NHI\u1ec6M H\u1eeeU H\u1ea0N THE SINH TOUR ONLINE. C\u00e1c b\u1ea1n s\u1ebd th\u1ea5y thu\u1eadn ti\u1ec7n khi giao d\u1ecbch c\u00e1c kho\u1ea3n ph\u00ed v\u1edbi ch\u00fang t\u00f4i.<\/strong><\/p>\n<h2><span id=\"Thong_tin_chung_khi_thanh_toan_va_giao_dich\">Th\u00f4ng tin chung khi thanh to\u00e1n v\u00e0 giao d\u1ecbch.<\/span><\/h2>\n<p>C\u00d4NG TY TR\u00c1CH NHI\u1ec6M H\u1eeeU H\u1ea0N THE SINH TOUR ONLINE c\u00f3 b\u1ed9 ph\u1eadn ch\u0103m s\u00f3c, t\u01b0 v\u1ea5n\u00a0kh\u00e1ch h\u00e0ng lu\u00f4n s\u1eb5n s\u00e0ng ti\u1ebfp nh\u1eadn th\u00f4ng tin\u00a0v\u00e0 y\u00eau c\u1ea7u t\u1eeb qu\u00fd v\u1ecb v\u00e0 c\u00e1c b\u1ea1n. V\u00ec v\u1eady ngay khi ch\u00fang t\u00f4i ti\u1ebfp nh\u1eadn \u0111\u01b0\u1ee3c li\u00ean h\u1ec7, y\u00eau c\u1ea7u t\u01b0 v\u1ea5n ho\u1eb7c c\u00e1c th\u00f4ng tin \u0111\u0103ng k\u00fd c\u00e1c d\u1ecbch v\u1ee5 tr\u1ef1c tuy\u1ebfn c\u1ee7a qu\u00fd kh\u00e1ch, C\u00d4NG TY TR\u00c1CH NHI\u1ec6M H\u1eeeU H\u1ea0N THE SINH TOUR ONLINE\u00a0s\u1ebd li\u00ean l\u1ea1c l\u1ea1i ngay v\u1edbi qu\u00fd kh\u00e1ch b\u1eb1ng \u0111i\u1ec7n tho\u1ea1i ho\u1eb7c email \u0111\u1ec3 t\u01b0 v\u1ea5n tr\u1ef1c ti\u1ebfp cho qu\u00fd kh\u00e1ch. Khi c\u00e1c b\u1ea1n quy\u1ebft \u0111\u1ecbnh s\u1eed d\u1ee5ng d\u1ecbch v\u1ee5 c\u1ee7a ch\u00fang t\u00f4i, qu\u00fd kh\u00e1ch c\u00f3 th\u1ec3 l\u1ef1a ch\u1ecdn m\u1ed9t trong c\u00e1c\u00a0<strong>h\u00ecnh th\u1ee9c thanh to\u00e1n<\/strong>\u00a0ph\u00f9 h\u1ee3p nh\u1ea5t trong 3 h\u00ecnh th\u1ee9c d\u01b0\u1edbi \u0111\u00e2y \u0111\u1ec3 thanh to\u00e1n m\u1ed9t c\u00e1ch \u0111\u01a1n gi\u1ea3n v\u00e0 thu\u1eadn ti\u1ec7n nh\u1ea5t.<\/p>\n<h2><span id=\"Thu_thuat_hay_cho_ban_8211_De_Web_Bach_Thang_co_the_khoi_tao_dich_vu_cho_ban_nhanh_nhat\"><strong>\u0110\u1ec3 C\u00d4NG TY TR\u00c1CH NHI\u1ec6M H\u1eeeU H\u1ea0N THE SINH TOUR ONLINE c\u00f3 th\u1ec3 kh\u1edfi t\u1ea1o d\u1ecbch v\u1ee5 cho b\u1ea1n nhanh nh\u1ea5t<\/strong><\/span><\/h2>\n<p>Tr\u01b0\u1eddng h\u1ee3p n\u1ebfu qu\u00fd kh\u00e1ch \u0111\u00e3 thanh to\u00e1n cho ch\u00fang t\u00f4i nh\u01b0ng ch\u01b0a \u0111\u01b0\u1ee3c th\u1ef1c hi\u1ec7n th\u00ec sau khi thanh to\u00e1n, c\u00e1c b\u1ea1n ch\u1ec9 c\u1ea7n scan bi\u00ean lai ho\u1eb7c gi\u1ea5y \u1ee7y nhi\u1ec7m chi v\u00e0 g\u1eedi v\u00e0o \u0111\u1ecba ch\u1ec9\u00a0<b>email<\/b>\u00a0ho\u1eb7c \u0111\u1ecba ch\u1ec9 email c\u1ee7a nh\u00e2n vi\u00ean tr\u1ef1c ti\u1ebfp h\u1ed7 tr\u1ee3. C\u00d4NG TY TR\u00c1CH NHI\u1ec6M H\u1eeeU H\u1ea0N THE SINH TOUR ONLINE\u00a0s\u1ebd kh\u1edfi t\u1ea1o d\u1ecbch v\u1ee5 ngay cho c\u00e1c b\u1ea1n\u00a0khi nh\u1eadn \u0111\u01b0\u1ee3c email v\u00e0 x\u00e1c nh\u1eadn vi\u1ec7c thanh to\u00e1n l\u00e0 ch\u00ednh x\u00e1c m\u00e0 kh\u00f4ng c\u1ea7n ch\u1edd \u0111\u1ee3i trong kho\u1ea3ng th\u1eddi gian c\u00e1c ng\u00e2n h\u00e0ng th\u1ef1c hi\u1ec7n vi\u1ec7c chuy\u1ec3n ti\u1ec1n.<\/p>\n<h2>C\u00e1c h\u00ecnh th\u1ee9c thanh to\u00e1n d\u1ecbch v\u1ee5 C\u00d4NG TY TR\u00c1CH NHI\u1ec6M H\u1eeeU H\u1ea0N THE SINH TOUR ONLINE<\/h2>\n<p><strong>H\u00ecnh th\u1ee9c 1: Thanh to\u00e1n qua chuy\u1ec3n kho\u1ea3n Ng\u00e2n H\u00e0ng ho\u1eb7c Internet Banking.<\/strong> Qu\u00fd kh\u00e1ch c\u00f3 th\u1ec3 th\u1ef1c hi\u1ec7n vi\u1ec7c thanh to\u00e1n theo h\u00ecnh th\u1ee9c n\u00e0y b\u1eb1ng c\u00e1ch \u0111\u1ebfn b\u1ea5t k\u00ec ph\u00f2ng giao d\u1ecbch ng\u00e2n h\u00e0ng, c\u00e2y ATM ho\u1eb7c s\u1eed d\u1ee5ng d\u1ecbch v\u1ee5 internet Banking \u0111\u1ec3 chuy\u1ec3n ti\u1ec1n v\u00e0o m\u1ed9t trong c\u00e1c t\u00e0i kho\u1ea3n sau c\u1ee7a ch\u00fang t\u00f4i: B\u00ean c\u1ea1nh \u0111\u00f3, ngo\u00e0i nh\u1eefng th\u00f4ng tin \u0111\u1ea7y \u0111\u1ee7 nh\u01b0 : Ng\u00e2n h\u00e0ng\/ T\u00ean t\u00e0i kho\u1ea3n\/ S\u1ed1 t\u00e0i kho\u1ea3n c\u1ee7a ch\u00fang t\u00f4i, n\u1ebfu qu\u00fd kh\u00e1ch l\u00e0 ng\u01b0\u1eddi \u0111ang sinh s\u1ed1ng t\u1ea1i n\u01b0\u1edbc ngo\u00e0i mu\u1ed1n thanh to\u00e1n b\u1eb1ng ph\u01b0\u01a1ng th\u1ee9c chuy\u1ec3n kho\u1ea3n vui l\u00f2ng cung c\u1ea5p cho ng\u00e2n h\u00e0ng n\u01b0\u1edbc s\u1edf t\u1ea1i m\u00e3 SWIFT CODE t\u01b0\u01a1ng \u1ee9ng v\u1edbi t\u1eebng ng\u00e2n h\u00e0ng ch\u00fang t\u00f4i li\u1ec7t k\u00ea b\u00ean d\u01b0\u1edbi. Qu\u00fd kh\u00e1ch li\u00ean h\u1ec7 v\u1edbi Hotline \u0111\u1ec3 l\u1ea5y th\u00f4ng tin.<\/p>\n<div id=\"item_19\" class=\"header-modul-content\">\n<h2><span id=\"Hinh_thuc_2_Thu_phi_tan_noi\">H\u00ecnh th\u1ee9c 2: Thu ph\u00ed t\u1eadn n\u01a1i<\/span><\/h2>\n<\/div>\n<p><span id=\"ctl00_cph_Main_ctl00_ctl01_ctl00_ctl00_GridView1_ctl03_lblFaqContent\">Nh\u00e2n vi\u00ean C\u00d4NG TY TR\u00c1CH NHI\u1ec6M H\u1eeeU H\u1ea0N THE SINH TOUR ONLINE s\u1ebd li\u00ean l\u1ea1c v\u00e0 h\u1eb9n qu\u00fd kh\u00e1ch th\u1eddi gian \u0111\u1ec3 thu ph\u00ed t\u1eadn n\u01a1i khi ch\u00fang t\u00f4i nh\u1eadn \u0111\u01b0\u1ee3c y\u00eau c\u1ea7u \u0111\u0103ng k\u00ed c\u00e1c d\u1ecbch v\u1ee5 c\u1ee7a qu\u00fd kh\u00e1ch. H\u00ecnh th\u1ee9c n\u00e0y ch\u1ec9 \u00e1p d\u1ee5ng trong ph\u1ea1m vi n\u1ed9i th\u00e0nh H\u00e0 N\u1ed9i.<\/span><span id=\"ctl00_cph_Main_ctl00_ctl01_ctl00_ctl00_GridView1_ctl03_lblFaqContent\"> Th\u1eddi gian cung c\u1ea5p c\u00e1c d\u1ecbch v\u1ee5: Trong v\u00f2ng 4h l\u00e0m vi\u1ec7c sau khi thanh to\u00e1n th\u00e0nh c\u00f4ng.<\/span> L\u01b0u \u00fd: h\u00ecnh th\u1ee9c n\u00e0y ch\u1ec9 \u00e1p d\u1ee5ng v\u1edbi c\u00e1c d\u1ecbch v\u1ee5 tr\u1ecb gi\u00e1\u00a0<strong>&gt; 5 tri\u1ec7u \u0111\u1ed3ng.<\/strong><\/p>\n<div id=\"item_22\" class=\"header-modul-content\">\n<h2>H\u00ecnh th\u1ee9c 3: Thanh to\u00e1n t\u1ea1i v\u0103n ph\u00f2ng C\u00d4NG TY TR\u00c1CH NHI\u1ec6M H\u1eeeU H\u1ea0N THE SINH TOUR ONLINE<\/h2>\n<\/div>\n<div class=\"wpex-info-widget-address wpex-clr\">\n<h2>\u0110\u1ecba ch\u1ec9 H\u00e0 N\u1ed9i : 32 B\u00e1t S\u1ee9, Ho\u00e0n Ki\u1ebfm, H\u00e0 N\u1ed9i.<\/h2>\n<h2>\u0110\u1ecba ch\u1ec9 H\u00e0 N\u1ed9i : 12 H\u00e0ng Chi\u1ebfu, Ho\u00e0n Ki\u1ebfm, H\u00e0 N\u1ed9i.<\/h2>\n<h2>\u0110\u1ecba ch\u1ec9 S\u00e0i G\u00f2n: 172 B\u00f9i Vi\u1ec7n -Qu\u1eadn 1 \u2013 TP.HCM.<\/h2>\n<h2>\u0110I\u1ec7n tho\u1ea1i: 0947249868 Hotline:0935399868-0971606357-024 22843579-024 23471555 sale.thesinhcafetour@gmail.com<\/h2>\n<\/div>\n<p>Gi\u1edd l\u00e0m vi\u1ec7c: 8h \u2013 17h 30 h\u00e0ng ng\u00e0y t\u1eeb Th\u1ee9 2 \u2013 Th\u1ee9 6. Ri\u00eang th\u1ee9 7 t\u1eeb 8h \u2013 12h Th\u1eddi gian cung c\u1ea5p d\u1ecbch v\u1ee5: Ngay l\u1eadp t\u1ee9c<\/p>\n","protected":false},"excerpt":{"rendered":"<p>H\u00ecnh th\u1ee9c thanh to\u00e1n\u00a0h\u01b0\u1edbng d\u1eabn chi ti\u1ebft v\u1edbi ch\u00ednh s\u00e1ch t\u1ed1t cho kh\u00e1ch h\u00e0ng s\u1eed d\u1ee5ng d\u1ecbch v\u1ee5 c\u1ee7a C\u00d4NG TY TR\u00c1CH NHI\u1ec6M H\u1eeeU H\u1ea0N THE SINH TOUR ONLINE. C\u00e1c b\u1ea1n s\u1ebd th\u1ea5y thu\u1eadn ti\u1ec7n khi giao d\u1ecbch c\u00e1c kho\u1ea3n ph\u00ed v\u1edbi ch\u00fang t\u00f4i. Th\u00f4ng tin chung khi thanh to\u00e1n v\u00e0 giao d\u1ecbch. C\u00d4NG TY&#8230;<\/p>\n","protected":false},"author":1,"featured_media":0,"parent":0,"menu_order":0,"comment_status":"closed","ping_status":"closed","template":"","meta":{"inline_featured_image":false,"footnotes":""},"acf":[],"yoast_head":"<!-- This site is optimized with the Yoast SEO plugin v21.0 - https:\/\/yoast.com\/wordpress\/plugins\/seo\/ -->\n<title>Payment policy - Tour Booking<\/title>\n<meta name=\"robots\" content=\"noindex, follow, max-snippet:-1, max-image-preview:large, max-video-preview:-1\" \/>\n<meta property=\"og:locale\" content=\"en_US\" \/>\n<meta property=\"og:type\" content=\"article\" \/>\n<meta property=\"og:title\" content=\"Payment policy - Tour Booking\" \/>\n<meta property=\"og:description\" content=\"H\u00ecnh th\u1ee9c thanh to\u00e1n\u00a0h\u01b0\u1edbng d\u1eabn chi ti\u1ebft v\u1edbi ch\u00ednh s\u00e1ch t\u1ed1t cho kh\u00e1ch h\u00e0ng s\u1eed d\u1ee5ng d\u1ecbch v\u1ee5 c\u1ee7a C\u00d4NG TY TR\u00c1CH NHI\u1ec6M H\u1eeeU H\u1ea0N THE SINH TOUR ONLINE. C\u00e1c b\u1ea1n s\u1ebd th\u1ea5y thu\u1eadn ti\u1ec7n khi giao d\u1ecbch c\u00e1c kho\u1ea3n ph\u00ed v\u1edbi ch\u00fang t\u00f4i. Th\u00f4ng tin chung khi thanh to\u00e1n v\u00e0 giao d\u1ecbch. C\u00d4NG TY...\" \/>\n<meta property=\"og:url\" content=\"https:\/\/vietpassiontravel.com\/en\/payment-policy\/\" \/>\n<meta property=\"og:site_name\" content=\"Tour Booking\" \/>\n<meta name=\"twitter:card\" content=\"summary_large_image\" \/>\n<meta name=\"twitter:label1\" content=\"Est. reading time\" \/>\n\t<meta name=\"twitter:data1\" content=\"4 minutes\" \/>\n<script type=\"application\/ld+json\" class=\"yoast-schema-graph\">{\"@context\":\"https:\/\/schema.org\",\"@graph\":[{\"@type\":\"WebPage\",\"@id\":\"https:\/\/vietpassiontravel.com\/en\/payment-policy\/\",\"url\":\"https:\/\/vietpassiontravel.com\/en\/payment-policy\/\",\"name\":\"Payment policy - Tour Booking\",\"isPartOf\":{\"@id\":\"https:\/\/vietpassiontravel.com\/#website\"},\"datePublished\":\"2023-08-26T02:44:27+00:00\",\"dateModified\":\"2023-08-26T02:44:27+00:00\",\"breadcrumb\":{\"@id\":\"https:\/\/vietpassiontravel.com\/en\/payment-policy\/#breadcrumb\"},\"inLanguage\":\"en-US\",\"potentialAction\":[{\"@type\":\"ReadAction\",\"target\":[\"https:\/\/vietpassiontravel.com\/en\/payment-policy\/\"]}]},{\"@type\":\"BreadcrumbList\",\"@id\":\"https:\/\/vietpassiontravel.com\/en\/payment-policy\/#breadcrumb\",\"itemListElement\":[{\"@type\":\"ListItem\",\"position\":1,\"name\":\"Trang ch\u1ee7\",\"item\":\"https:\/\/vietpassiontravel.com\/en\/\"},{\"@type\":\"ListItem\",\"position\":2,\"name\":\"Payment policy\"}]},{\"@type\":\"WebSite\",\"@id\":\"https:\/\/vietpassiontravel.com\/#website\",\"url\":\"https:\/\/vietpassiontravel.com\/\",\"name\":\"Tour Booking\",\"description\":\"\",\"potentialAction\":[{\"@type\":\"SearchAction\",\"target\":{\"@type\":\"EntryPoint\",\"urlTemplate\":\"https:\/\/vietpassiontravel.com\/?s={search_term_string}\"},\"query-input\":\"required name=search_term_string\"}],\"inLanguage\":\"en-US\"}]}<\/script>\n<!-- \/ Yoast SEO plugin. -->","yoast_head_json":{"title":"Payment policy - Tour Booking","robots":{"index":"noindex","follow":"follow","max-snippet":"max-snippet:-1","max-image-preview":"max-image-preview:large","max-video-preview":"max-video-preview:-1"},"og_locale":"en_US","og_type":"article","og_title":"Payment policy - Tour Booking","og_description":"H\u00ecnh th\u1ee9c thanh to\u00e1n\u00a0h\u01b0\u1edbng d\u1eabn chi ti\u1ebft v\u1edbi ch\u00ednh s\u00e1ch t\u1ed1t cho kh\u00e1ch h\u00e0ng s\u1eed d\u1ee5ng d\u1ecbch v\u1ee5 c\u1ee7a C\u00d4NG TY TR\u00c1CH NHI\u1ec6M H\u1eeeU H\u1ea0N THE SINH TOUR ONLINE. C\u00e1c b\u1ea1n s\u1ebd th\u1ea5y thu\u1eadn ti\u1ec7n khi giao d\u1ecbch c\u00e1c kho\u1ea3n ph\u00ed v\u1edbi ch\u00fang t\u00f4i. Th\u00f4ng tin chung khi thanh to\u00e1n v\u00e0 giao d\u1ecbch. C\u00d4NG TY...","og_url":"https:\/\/vietpassiontravel.com\/en\/payment-policy\/","og_site_name":"Tour Booking","twitter_card":"summary_large_image","twitter_misc":{"Est. reading time":"4 minutes"},"schema":{"@context":"https:\/\/schema.org","@graph":[{"@type":"WebPage","@id":"https:\/\/vietpassiontravel.com\/en\/payment-policy\/","url":"https:\/\/vietpassiontravel.com\/en\/payment-policy\/","name":"Payment policy - Tour Booking","isPartOf":{"@id":"https:\/\/vietpassiontravel.com\/#website"},"datePublished":"2023-08-26T02:44:27+00:00","dateModified":"2023-08-26T02:44:27+00:00","breadcrumb":{"@id":"https:\/\/vietpassiontravel.com\/en\/payment-policy\/#breadcrumb"},"inLanguage":"en-US","potentialAction":[{"@type":"ReadAction","target":["https:\/\/vietpassiontravel.com\/en\/payment-policy\/"]}]},{"@type":"BreadcrumbList","@id":"https:\/\/vietpassiontravel.com\/en\/payment-policy\/#breadcrumb","itemListElement":[{"@type":"ListItem","position":1,"name":"Trang ch\u1ee7","item":"https:\/\/vietpassiontravel.com\/en\/"},{"@type":"ListItem","position":2,"name":"Payment policy"}]},{"@type":"WebSite","@id":"https:\/\/vietpassiontravel.com\/#website","url":"https:\/\/vietpassiontravel.com\/","name":"Tour Booking","description":"","potentialAction":[{"@type":"SearchAction","target":{"@type":"EntryPoint","urlTemplate":"https:\/\/vietpassiontravel.com\/?s={search_term_string}"},"query-input":"required name=search_term_string"}],"inLanguage":"en-US"}]}},"_links":{"self":[{"href":"https:\/\/vietpassiontravel.com\/en\/wp-json\/wp\/v2\/pages\/608"}],"collection":[{"href":"https:\/\/vietpassiontravel.com\/en\/wp-json\/wp\/v2\/pages"}],"about":[{"href":"https:\/\/vietpassiontravel.com\/en\/wp-json\/wp\/v2\/types\/page"}],"author":[{"embeddable":true,"href":"https:\/\/vietpassiontravel.com\/en\/wp-json\/wp\/v2\/users\/1"}],"replies":[{"embeddable":true,"href":"https:\/\/vietpassiontravel.com\/en\/wp-json\/wp\/v2\/comments?post=608"}],"version-history":[{"count":1,"href":"https:\/\/vietpassiontravel.com\/en\/wp-json\/wp\/v2\/pages\/608\/revisions"}],"predecessor-version":[{"id":609,"href":"https:\/\/vietpassiontravel.com\/en\/wp-json\/wp\/v2\/pages\/608\/revisions\/609"}],"wp:attachment":[{"href":"https:\/\/vietpassiontravel.com\/en\/wp-json\/wp\/v2\/media?parent=608"}],"curies":[{"name":"wp","href":"https:\/\/api.w.org\/{rel}","templated":true}]}}