{"id":610,"date":"2023-08-26T02:44:49","date_gmt":"2023-08-26T02:44:49","guid":{"rendered":"https:\/\/vietpassiontravel.com\/?page_id=610"},"modified":"2023-08-26T02:44:49","modified_gmt":"2023-08-26T02:44:49","slug":"general-policies-and-regulations","status":"publish","type":"page","link":"https:\/\/vietpassiontravel.com\/en\/general-policies-and-regulations\/","title":{"rendered":"General policies and regulations"},"content":{"rendered":"<p><strong>Ch\u00ednh s\u00e1ch &amp; Quy \u0111\u1ecbnh chung C\u00d4NG TY TR\u00c1CH NHI\u1ec6M H\u1eeeU H\u1ea0N THE SINH TOUR ONLINE l\u00e0 \u0111\u01a1n v\u1ecb cung c\u1ea5p c\u00e1c d\u1ecbch v\u1ee5 du l\u1ecbch , t\u01b0 v\u1ea5n v\u00e0 h\u01b0\u1edbng d\u1eabn \u0111\u1eb7t tour.<\/strong><\/p>\n<h2><strong>1. Ch\u00ednh s\u00e1ch &amp; Quy \u0111\u1ecbnh chung:<\/strong><\/h2>\n<p>C\u00d4NG TY TR\u00c1CH NHI\u1ec6M H\u1eeeU H\u1ea0N THE SINH TOUR ONLINE l\u00e0 \u0111\u01a1n v\u1ecb cung c\u1ea5p c\u00e1c d\u1ecbch v\u1ee5 du l\u1ecbch , t\u01b0 v\u1ea5n v\u00e0 h\u01b0\u1edbng d\u1eabn<\/p>\n<ul>\n<li>D\u1ecbch v\u1ee5:\u00a0<b>\u00a0b\u00e1n c\u00e1c tour du l\u1ecbch trong n\u01b0\u1edbc v\u00e0 n\u01b0\u1edbc ngo\u00e0i.<\/b><\/li>\n<li>S\u1ed1 l\u01b0\u1ee3ng: T\u00f9y theo t\u1eebng kh\u00e1ch h\u00e0ng \u0111i gh\u00e9p \u0111o\u00e0n hay \u0111i xe ri\u00eang ch\u1ea5p thu\u1eadn.<\/li>\n<li>Gi\u00e1 c\u1ea3: Theo th\u1ecfa thu\u1eadn v\u00e0 t\u00f9y theo t\u1eebng th\u1eddi \u0111i\u1ec3m v\u00e0 \u0111\u01b0\u1ee3c s\u1ef1 ch\u1ea5p nh\u1eadn c\u1ee7a kh\u00e1ch h\u00e0ng, th\u1ec3 hi\u1ec7n tr\u00ean c\u00e1c tour du l\u1ecbch.<\/li>\n<li>Ch\u1ea5t l\u01b0\u1ee3ng d\u1ecbch v\u1ee5:\u00a0 Cam k\u1ebft \u0111\u00fang c\u00e1c tour v\u00e0 \u0111\u1ea7y \u0111\u1ee7 c\u00e1c d\u1ecbch v\u1ee5 nh\u01b0 l\u1ecbch tr\u00ecnh \u0111\u00e3 g\u1eedi cho b\u1ea1n.<\/li>\n<\/ul>\n<h2>1.1. Quy\u1ec1n v\u00e0 ngh\u0129a v\u1ee5 c\u1ee7a ch\u00fang t\u00f4i<\/h2>\n<ol>\n<li>Quy\u1ec1n c\u1ee7a ch\u00fang t\u00f4i:<br \/>\nch\u00fang t\u00f4i c\u00f3 quy\u1ec1n \u0111\u01a1n ph\u01b0\u01a1ng ch\u1ea5m d\u1ee9t tour trong tr\u01b0\u1eddng h\u1ee3p kh\u00e1ch h\u00e0ng kh\u00f4ng th\u1ef1c hi\u1ec7n \u0111\u00fang theo ch\u01b0\u01a1ng tr\u00ecnh ho\u1eb7c vi ph\u1ea1m c\u00e1c n\u1ed9i quy ch\u00ednh s\u00e1ch \u0111\u00e3 \u0111\u1ec1 ra trong tour.<br \/>\nch\u00fang t\u00f4i c\u00f3 quy\u1ec1n y\u00eau c\u1ea7u kh\u00e1ch h\u00e0ng thanh to\u00e1n ti\u1ec1n theo tour v\u00e0 b\u1ed3i th\u01b0\u1eddng thi\u1ec7t h\u1ea1i cho ch\u00fang t\u00f4i trong b\u1ea5t k\u1ef3 tr\u01b0\u1eddng h\u1ee3p kh\u00e1ch h\u00e0ng kh\u00f4ng th\u1ef1c hi\u1ec7n \u0111\u00fang theo ch\u01b0\u01a1ng tr\u00ecnh \u0111\u00e3 \u0111\u01b0a ra c\u1ee7a 2 b\u00ean g\u00e2y t\u1ed5n th\u1ea5t, thi\u1ec7t h\u1ea1i cho ch\u00fang t\u00f4i.<\/li>\n<li>Ngh\u0129a v\u1ee5 c\u1ee7a ch\u00fang t\u00f4i<br \/>\ng\u1eedi ch\u01b0\u01a1ng tr\u00ecnh tour\u00a0 d\u1ecbch v\u1ee5 \u0111\u00fang nh\u01b0 c\u00e1c b\u1ea1n \u0111i tour.<br \/>\nCung c\u1ea5p cho kh\u00e1ch h\u00e0ng c\u00e1c th\u00f4ng tin c\u1ea7n thi\u1ebft li\u00ean quan \u0111\u1ebfn d\u1ecbch v\u1ee5 du l\u1ecbch.<\/li>\n<\/ol>\n<h2>1.2. Quy\u1ec1n v\u00e0 ngh\u0129a v\u1ee5 c\u1ee7a kh\u00e1ch h\u00e0ng<\/h2>\n<ol>\n<li>Quy\u1ec1n c\u1ee7a kh\u00e1ch h\u00e0ng:<br \/>\nkh\u00e1ch h\u00e0ng c\u00f3 quy\u1ec1n kh\u00f4ng nh\u1eadn ch\u01b0\u01a1ng tr\u00ecnh ho\u1eb7c k\u00fd nghi\u1ec7m thu d\u1ecbch v\u1ee5 n\u1ebfu ch\u1ea5t l\u01b0\u1ee3ng kh\u00f4ng \u0111\u1ea1t nh\u01b0 ch\u01b0\u01a1ng tr\u00ecnh \u0111\u00e3 ghi trong tour.<\/li>\n<li>Ngh\u0129a v\u1ee5 c\u1ee7a kh\u00e1ch h\u00e0ng:<br \/>\nTh\u1ef1c hi\u1ec7n vi\u1ec7c thanh to\u00e1n \u0111\u00fang theo c\u00e1c \u0111i\u1ec1u kho\u1ea3n trong h\u1ee3p \u0111\u1ed3ng \u0111\u00fang h\u1ea1n.<br \/>\nKhi nh\u1eadn tour c\u00f3 tr\u00e1ch nhi\u1ec7m ki\u1ec3m tra s\u1ed1 l\u01b0\u1ee3ng, ch\u1ea5t l\u01b0\u1ee3ng \u0111\u1ed1i chi\u1ebfu v\u1edbi tour nh\u1eb1m tr\u00e1nh ph\u00e1t sinh sau b\u00e1n h\u00e0ng, d\u1ecbch v\u1ee5 tour du l\u1ecbch.<\/li>\n<\/ol>\n<h2><strong>2. Quy \u0111\u1ecbnh v\u00e0 h\u00ecnh th\u1ee9c thanh to\u00e1n<\/strong><\/h2>\n<p>2.1. Ph\u01b0\u01a1ng th\u1ee9c thanh to\u00e1n:<br \/>\nKh\u00e1ch h\u00e0ng thanh to\u00e1n b\u1eb1ng ti\u1ec1n m\u1eb7t ho\u1eb7c chuy\u1ec3n kho\u1ea3n cho ch\u00fang t\u00f4i theo gi\u00e1 tr\u1ecb tour \u0111\u00e3 \u0111\u1eb7t (c\u00f3 th\u1ec3 chia th\u00e0nh nhi\u1ec1u \u0111\u1ee3t)<\/p>\n<p>2.2. Th\u1eddi h\u1ea1n thanh to\u00e1n:<br \/>\nkh\u00e1ch h\u00e0ng thanh to\u00e1n ti\u1ec1n tour cho chung t\u00f4i ngay khi\u00a0 chung t\u00f4i g\u1eedi ch\u01b0\u01a1ng tr\u00ecnh.<\/p>\n<h2><strong>3. Ch\u00ednh s\u00e1ch tour<\/strong><\/h2>\n<p>3.1. Ph\u01b0\u01a1ng th\u1ee9c giao nh\u1eadn:<\/p>\n<p>qu\u00fd kh\u00e1ch c\u00f3 th\u1ec3 \u0111\u1ebfn cty c\u1ee7a ch\u00fang t\u00f4i ho\u1eb7c t\u00f4i s\u1ebd \u0111\u01b0a \u0111\u1ebfn t\u1eadn nh\u00e0 cho qu\u00fd kh\u00e1ch.<\/p>\n<h2><strong>4. Ch\u00ednh s\u00e1ch b\u1ea3o h\u00e0nh\/b\u1ea3o tr\u00ec<\/strong><\/h2>\n<p>ch\u00fang t\u00f4i c\u00f3 ch\u00ednh s\u00e1ch b\u1ea3o h\u00e0nh v\u00e0 b\u1ea3o tr\u00ec t\u00f9y theo d\u1ecbch v\u1ee5 kh\u00e1ch h\u00e0ng \u0111\u0103ng k\u00fd theo nh\u01b0 trong H\u1ee3p \u0110\u1ed3ng \u0111\u00e3 k\u00fd k\u1ebft khi\u00a0<b>mua c\u00e1c tour du l\u1ecbch.<\/b><\/p>\n<h2><strong>5. Ch\u00ednh s\u00e1ch \u0111\u1ed5i\/tr\u1ea3 h\u00e0ng v\u00e0 ho\u00e0n ti\u1ec1n<\/strong><\/h2>\n<p>Ch\u00fang t\u00f4i cam k\u1ebft c\u00e1c tour \u0111\u1ed5i\/tr\u1ea3 tr\u01b0\u1edbc 12 ti\u1ebfng v\u00e0 ho\u00e0n ti\u1ec1n n\u1ebfu s\u1ea3n ph\u1ea9m kh\u00f4ng \u0111\u00fang ch\u1ea5t l\u01b0\u1ee3ng nh\u01b0 trong tour \u0111\u00e3 cam k\u1ebft.<\/p>\n<h2><strong>6. Ch\u00ednh s\u00e1ch b\u1ea3o m\u1eadt th\u00f4ng tin<\/strong><\/h2>\n<p>Th\u00f4ng tin kh\u00e1ch h\u00e0ng s\u1ebd \u0111\u01b0\u1ee3c b\u1ea3o m\u1eadt v\u00e0 kh\u00f4ng b\u1ecb h\u00e9 l\u1ed9 sang b\u1ea5t k\u1ef3 b\u00ean n\u00e0o kh\u00e1c nh\u1eb1m \u0111\u1ea3m b\u1ea3o quy\u1ec1n l\u1ee3i cho c\u1ea3 c\u00f4ng ty v\u00e0 kh\u00e1ch h\u00e0ng. M\u1ecdi v\u1ea5n \u0111\u1ec1 v\u1ec1 b\u1ea3o h\u00e0nh s\u1eeda ch\u1eefa ch\u1ec9 \u0111\u01b0\u1ee3c l\u00e0m vi\u1ec7c tr\u1ef1c ti\u1ebfp v\u1edbi ng\u01b0\u1eddi l\u00e0m tour, ho\u1eb7c ng\u01b0\u1eddi \u0111\u1ea1i di\u1ec7n c\u1ee7a kh\u00e1ch h\u00e0ng.<\/p>\n<h2><strong>7. Quy tr\u00ecnh b\u00e1n h\u00e0ng, cung c\u1ea5p d\u1ecbch v\u1ee5<\/strong><\/h2>\n<p>Trao \u0111\u1ed5i t\u01b0 v\u1ea5n \u2013 &gt; k\u00fd k\u1ebft tour -&gt; g\u1eedi s\u1ea3n ph\u1ea9m demo \u2013&gt; B\u00e0n giao -&gt; Nghi\u1ec7m thu -&gt;<\/p>\n","protected":false},"excerpt":{"rendered":"<p>Ch\u00ednh s\u00e1ch &amp; Quy \u0111\u1ecbnh chung C\u00d4NG TY TR\u00c1CH NHI\u1ec6M H\u1eeeU H\u1ea0N THE SINH TOUR ONLINE l\u00e0 \u0111\u01a1n v\u1ecb cung c\u1ea5p c\u00e1c d\u1ecbch v\u1ee5 du l\u1ecbch , t\u01b0 v\u1ea5n v\u00e0 h\u01b0\u1edbng d\u1eabn \u0111\u1eb7t tour. 1. Ch\u00ednh s\u00e1ch &amp; Quy \u0111\u1ecbnh chung: C\u00d4NG TY TR\u00c1CH NHI\u1ec6M H\u1eeeU H\u1ea0N THE SINH TOUR ONLINE l\u00e0 \u0111\u01a1n v\u1ecb cung&#8230;<\/p>\n","protected":false},"author":1,"featured_media":0,"parent":0,"menu_order":0,"comment_status":"closed","ping_status":"closed","template":"","meta":{"inline_featured_image":false,"footnotes":""},"acf":[],"yoast_head":"<!-- This site is optimized with the Yoast SEO plugin v21.0 - https:\/\/yoast.com\/wordpress\/plugins\/seo\/ -->\n<title>General policies and regulations - Tour Booking<\/title>\n<meta name=\"robots\" content=\"noindex, follow, max-snippet:-1, max-image-preview:large, max-video-preview:-1\" \/>\n<meta property=\"og:locale\" content=\"en_US\" \/>\n<meta property=\"og:type\" content=\"article\" \/>\n<meta property=\"og:title\" content=\"General policies and regulations - Tour Booking\" \/>\n<meta property=\"og:description\" content=\"Ch\u00ednh s\u00e1ch &amp; Quy \u0111\u1ecbnh chung C\u00d4NG TY TR\u00c1CH NHI\u1ec6M H\u1eeeU H\u1ea0N THE SINH TOUR ONLINE l\u00e0 \u0111\u01a1n v\u1ecb cung c\u1ea5p c\u00e1c d\u1ecbch v\u1ee5 du l\u1ecbch , t\u01b0 v\u1ea5n v\u00e0 h\u01b0\u1edbng d\u1eabn \u0111\u1eb7t tour. 1. Ch\u00ednh s\u00e1ch &amp; Quy \u0111\u1ecbnh chung: C\u00d4NG TY TR\u00c1CH NHI\u1ec6M H\u1eeeU H\u1ea0N THE SINH TOUR ONLINE l\u00e0 \u0111\u01a1n v\u1ecb cung...\" \/>\n<meta property=\"og:url\" content=\"https:\/\/vietpassiontravel.com\/en\/general-policies-and-regulations\/\" \/>\n<meta property=\"og:site_name\" content=\"Tour Booking\" \/>\n<meta name=\"twitter:card\" content=\"summary_large_image\" \/>\n<meta name=\"twitter:label1\" content=\"Est. reading time\" \/>\n\t<meta name=\"twitter:data1\" content=\"4 minutes\" \/>\n<script type=\"application\/ld+json\" class=\"yoast-schema-graph\">{\"@context\":\"https:\/\/schema.org\",\"@graph\":[{\"@type\":\"WebPage\",\"@id\":\"https:\/\/vietpassiontravel.com\/en\/general-policies-and-regulations\/\",\"url\":\"https:\/\/vietpassiontravel.com\/en\/general-policies-and-regulations\/\",\"name\":\"General policies and regulations - Tour Booking\",\"isPartOf\":{\"@id\":\"https:\/\/vietpassiontravel.com\/#website\"},\"datePublished\":\"2023-08-26T02:44:49+00:00\",\"dateModified\":\"2023-08-26T02:44:49+00:00\",\"breadcrumb\":{\"@id\":\"https:\/\/vietpassiontravel.com\/en\/general-policies-and-regulations\/#breadcrumb\"},\"inLanguage\":\"en-US\",\"potentialAction\":[{\"@type\":\"ReadAction\",\"target\":[\"https:\/\/vietpassiontravel.com\/en\/general-policies-and-regulations\/\"]}]},{\"@type\":\"BreadcrumbList\",\"@id\":\"https:\/\/vietpassiontravel.com\/en\/general-policies-and-regulations\/#breadcrumb\",\"itemListElement\":[{\"@type\":\"ListItem\",\"position\":1,\"name\":\"Trang ch\u1ee7\",\"item\":\"https:\/\/vietpassiontravel.com\/en\/\"},{\"@type\":\"ListItem\",\"position\":2,\"name\":\"General policies and regulations\"}]},{\"@type\":\"WebSite\",\"@id\":\"https:\/\/vietpassiontravel.com\/#website\",\"url\":\"https:\/\/vietpassiontravel.com\/\",\"name\":\"Tour Booking\",\"description\":\"\",\"potentialAction\":[{\"@type\":\"SearchAction\",\"target\":{\"@type\":\"EntryPoint\",\"urlTemplate\":\"https:\/\/vietpassiontravel.com\/?s={search_term_string}\"},\"query-input\":\"required name=search_term_string\"}],\"inLanguage\":\"en-US\"}]}<\/script>\n<!-- \/ Yoast SEO plugin. -->","yoast_head_json":{"title":"General policies and regulations - Tour Booking","robots":{"index":"noindex","follow":"follow","max-snippet":"max-snippet:-1","max-image-preview":"max-image-preview:large","max-video-preview":"max-video-preview:-1"},"og_locale":"en_US","og_type":"article","og_title":"General policies and regulations - Tour Booking","og_description":"Ch\u00ednh s\u00e1ch &amp; Quy \u0111\u1ecbnh chung C\u00d4NG TY TR\u00c1CH NHI\u1ec6M H\u1eeeU H\u1ea0N THE SINH TOUR ONLINE l\u00e0 \u0111\u01a1n v\u1ecb cung c\u1ea5p c\u00e1c d\u1ecbch v\u1ee5 du l\u1ecbch , t\u01b0 v\u1ea5n v\u00e0 h\u01b0\u1edbng d\u1eabn \u0111\u1eb7t tour. 1. Ch\u00ednh s\u00e1ch &amp; Quy \u0111\u1ecbnh chung: C\u00d4NG TY TR\u00c1CH NHI\u1ec6M H\u1eeeU H\u1ea0N THE SINH TOUR ONLINE l\u00e0 \u0111\u01a1n v\u1ecb cung...","og_url":"https:\/\/vietpassiontravel.com\/en\/general-policies-and-regulations\/","og_site_name":"Tour Booking","twitter_card":"summary_large_image","twitter_misc":{"Est. reading time":"4 minutes"},"schema":{"@context":"https:\/\/schema.org","@graph":[{"@type":"WebPage","@id":"https:\/\/vietpassiontravel.com\/en\/general-policies-and-regulations\/","url":"https:\/\/vietpassiontravel.com\/en\/general-policies-and-regulations\/","name":"General policies and regulations - Tour Booking","isPartOf":{"@id":"https:\/\/vietpassiontravel.com\/#website"},"datePublished":"2023-08-26T02:44:49+00:00","dateModified":"2023-08-26T02:44:49+00:00","breadcrumb":{"@id":"https:\/\/vietpassiontravel.com\/en\/general-policies-and-regulations\/#breadcrumb"},"inLanguage":"en-US","potentialAction":[{"@type":"ReadAction","target":["https:\/\/vietpassiontravel.com\/en\/general-policies-and-regulations\/"]}]},{"@type":"BreadcrumbList","@id":"https:\/\/vietpassiontravel.com\/en\/general-policies-and-regulations\/#breadcrumb","itemListElement":[{"@type":"ListItem","position":1,"name":"Trang ch\u1ee7","item":"https:\/\/vietpassiontravel.com\/en\/"},{"@type":"ListItem","position":2,"name":"General policies and regulations"}]},{"@type":"WebSite","@id":"https:\/\/vietpassiontravel.com\/#website","url":"https:\/\/vietpassiontravel.com\/","name":"Tour Booking","description":"","potentialAction":[{"@type":"SearchAction","target":{"@type":"EntryPoint","urlTemplate":"https:\/\/vietpassiontravel.com\/?s={search_term_string}"},"query-input":"required name=search_term_string"}],"inLanguage":"en-US"}]}},"_links":{"self":[{"href":"https:\/\/vietpassiontravel.com\/en\/wp-json\/wp\/v2\/pages\/610"}],"collection":[{"href":"https:\/\/vietpassiontravel.com\/en\/wp-json\/wp\/v2\/pages"}],"about":[{"href":"https:\/\/vietpassiontravel.com\/en\/wp-json\/wp\/v2\/types\/page"}],"author":[{"embeddable":true,"href":"https:\/\/vietpassiontravel.com\/en\/wp-json\/wp\/v2\/users\/1"}],"replies":[{"embeddable":true,"href":"https:\/\/vietpassiontravel.com\/en\/wp-json\/wp\/v2\/comments?post=610"}],"version-history":[{"count":1,"href":"https:\/\/vietpassiontravel.com\/en\/wp-json\/wp\/v2\/pages\/610\/revisions"}],"predecessor-version":[{"id":611,"href":"https:\/\/vietpassiontravel.com\/en\/wp-json\/wp\/v2\/pages\/610\/revisions\/611"}],"wp:attachment":[{"href":"https:\/\/vietpassiontravel.com\/en\/wp-json\/wp\/v2\/media?parent=610"}],"curies":[{"name":"wp","href":"https:\/\/api.w.org\/{rel}","templated":true}]}}