{"id":612,"date":"2023-08-26T02:45:10","date_gmt":"2023-08-26T02:45:10","guid":{"rendered":"https:\/\/vietpassiontravel.com\/?page_id=612"},"modified":"2023-08-26T02:45:10","modified_gmt":"2023-08-26T02:45:10","slug":"shipping-policy","status":"publish","type":"page","link":"https:\/\/vietpassiontravel.com\/en\/shipping-policy\/","title":{"rendered":"Shipping policy"},"content":{"rendered":"<p>Ch\u00ednh s\u00e1ch v\u1eadn chuy\u1ec3n giao nh\u1eadn c\u00e0i \u0111\u1eb7t \u0111\u01b0\u1ee3c C\u00d4NG TY TR\u00c1CH NHI\u1ec6M H\u1eeeU H\u1ea0N THE SINH TOUR ONLINE th\u1ef1c hi\u1ec7n \u0111\u1ea7y \u0111\u1ee7 v\u00e0 b\u1ea3o m\u1eadt, cung c\u1ea5p c\u00e1c th\u00f4ng tin t\u1edbi kh\u00e1ch h\u00e0ng b\u1eb1ng nhi\u1ec1u ph\u01b0\u01a1ng th\u1ee9c ch\u00ednh x\u00e1c nh\u1ea5t.<br \/>\n<img decoding=\"async\" loading=\"lazy\" class=\"aligncenter wp-image-366 size-full\" src=\"https:\/\/vietpassiontravel.com\/wp-content\/uploads\/2023\/08\/chinh-sach-van-chuyen-giao-nhan-cai-dat.jpg\" alt=\"\" width=\"650\" height=\"159\" srcset=\"https:\/\/vietpassiontravel.com\/wp-content\/uploads\/2023\/08\/chinh-sach-van-chuyen-giao-nhan-cai-dat.jpg 650w, https:\/\/vietpassiontravel.com\/wp-content\/uploads\/2023\/08\/chinh-sach-van-chuyen-giao-nhan-cai-dat-300x73.jpg 300w, https:\/\/vietpassiontravel.com\/wp-content\/uploads\/2023\/08\/chinh-sach-van-chuyen-giao-nhan-cai-dat-600x147.jpg 600w\" sizes=\"(max-width: 650px) 100vw, 650px\" \/><\/p>\n<h2>Ch\u00ednh s\u00e1ch v\u1eadn chuy\u1ec3n, giao nh\u1eadn, c\u00e0i \u0111\u1eb7t:<\/h2>\n<p>Website qu\u00fd kh\u00e1ch khi thi\u1ebft k\u1ebf C\u00d4NG TY TR\u00c1CH NHI\u1ec6M H\u1eeeU H\u1ea0N THE SINH TOUR ONLINE \u0111\u01b0\u1ee3c c\u00e0i \u0111\u1eb7t ho\u00e0n to\u00e0n tr\u00ean hosting, qu\u00fd kh\u00e1ch c\u00f3 th\u1ec3 truy c\u1eadp t\u1eeb b\u1ea5t c\u1ee9 n\u01a1i n\u00e0o c\u00f3 m\u1ea1ng internet th\u00f4ng qua tr\u00ecnh duy\u1ec7t web.<\/p>\n<p>Th\u00f4ng tin qu\u1ea3n tr\u1ecb t\u00ean mi\u1ec1n, hosting, website s\u1ebd \u0111\u01b0\u1ee3c g\u1eedi t\u1edbi email kh\u00e1ch h\u00e0ng \u0111\u1ea7y \u0111\u1ee7: link truy c\u1eadp, t\u00e0i kho\u1ea3n, m\u1eadt kh\u1ea9u.<\/p>\n<h2>\u00a0Quy tr\u00ecnh b\u00e0n giao website kh\u00e1ch h\u00e0ng:<\/h2>\n<ul>\n<li>H\u01b0\u1edbng d\u1eabn c\u00e1ch th\u1ee9c qu\u1ea3n tr\u1ecb website qua m\u1ea1ng cho kh\u00e1ch h\u00e0ng, g\u1eedi video v\u00e0 t\u00e0i li\u1ec7u h\u01b0\u1edbng d\u1eabn.<\/li>\n<li>Ho\u1eb7c g\u1eb7p tr\u1ef1c ti\u1ebfp kh\u00e1ch h\u00e0ng \u0111\u1ec3 h\u01b0\u1edbng d\u1eabn qu\u1ea3n tr\u1ecb web v\u00e0 quay l\u1ea1i video.<\/li>\n<\/ul>\n<p>Sau khi b\u00e0n giao s\u1ebd l\u1eadp bi\u00ean b\u1ea3n b\u00e0n giao.<\/p>\n","protected":false},"excerpt":{"rendered":"<p>Ch\u00ednh s\u00e1ch v\u1eadn chuy\u1ec3n giao nh\u1eadn c\u00e0i \u0111\u1eb7t \u0111\u01b0\u1ee3c C\u00d4NG TY TR\u00c1CH NHI\u1ec6M H\u1eeeU H\u1ea0N THE SINH TOUR ONLINE th\u1ef1c hi\u1ec7n \u0111\u1ea7y \u0111\u1ee7 v\u00e0 b\u1ea3o m\u1eadt, cung c\u1ea5p c\u00e1c th\u00f4ng tin t\u1edbi kh\u00e1ch h\u00e0ng b\u1eb1ng nhi\u1ec1u ph\u01b0\u01a1ng th\u1ee9c ch\u00ednh x\u00e1c nh\u1ea5t. Ch\u00ednh s\u00e1ch v\u1eadn chuy\u1ec3n, giao nh\u1eadn, c\u00e0i \u0111\u1eb7t: Website qu\u00fd kh\u00e1ch khi thi\u1ebft k\u1ebf&#8230;<\/p>\n","protected":false},"author":1,"featured_media":0,"parent":0,"menu_order":0,"comment_status":"closed","ping_status":"closed","template":"","meta":{"inline_featured_image":false,"footnotes":""},"acf":[],"yoast_head":"<!-- This site is optimized with the Yoast SEO plugin v21.0 - https:\/\/yoast.com\/wordpress\/plugins\/seo\/ -->\n<title>Shipping policy - Tour Booking<\/title>\n<meta name=\"robots\" content=\"noindex, follow, max-snippet:-1, max-image-preview:large, max-video-preview:-1\" \/>\n<meta property=\"og:locale\" content=\"en_US\" \/>\n<meta property=\"og:type\" content=\"article\" \/>\n<meta property=\"og:title\" content=\"Shipping policy - Tour Booking\" \/>\n<meta property=\"og:description\" content=\"Ch\u00ednh s\u00e1ch v\u1eadn chuy\u1ec3n giao nh\u1eadn c\u00e0i \u0111\u1eb7t \u0111\u01b0\u1ee3c C\u00d4NG TY TR\u00c1CH NHI\u1ec6M H\u1eeeU H\u1ea0N THE SINH TOUR ONLINE th\u1ef1c hi\u1ec7n \u0111\u1ea7y \u0111\u1ee7 v\u00e0 b\u1ea3o m\u1eadt, cung c\u1ea5p c\u00e1c th\u00f4ng tin t\u1edbi kh\u00e1ch h\u00e0ng b\u1eb1ng nhi\u1ec1u ph\u01b0\u01a1ng th\u1ee9c ch\u00ednh x\u00e1c nh\u1ea5t. Ch\u00ednh s\u00e1ch v\u1eadn chuy\u1ec3n, giao nh\u1eadn, c\u00e0i \u0111\u1eb7t: Website qu\u00fd kh\u00e1ch khi thi\u1ebft k\u1ebf...\" \/>\n<meta property=\"og:url\" content=\"https:\/\/vietpassiontravel.com\/en\/shipping-policy\/\" \/>\n<meta property=\"og:site_name\" content=\"Tour Booking\" \/>\n<meta property=\"og:image\" content=\"https:\/\/vietpassiontravel.com\/wp-content\/uploads\/2023\/08\/chinh-sach-van-chuyen-giao-nhan-cai-dat.jpg\" \/>\n<meta name=\"twitter:card\" content=\"summary_large_image\" \/>\n<meta name=\"twitter:label1\" content=\"Est. reading time\" \/>\n\t<meta name=\"twitter:data1\" content=\"2 minutes\" \/>\n<script type=\"application\/ld+json\" class=\"yoast-schema-graph\">{\"@context\":\"https:\/\/schema.org\",\"@graph\":[{\"@type\":\"WebPage\",\"@id\":\"https:\/\/vietpassiontravel.com\/en\/shipping-policy\/\",\"url\":\"https:\/\/vietpassiontravel.com\/en\/shipping-policy\/\",\"name\":\"Shipping policy - Tour Booking\",\"isPartOf\":{\"@id\":\"https:\/\/vietpassiontravel.com\/#website\"},\"datePublished\":\"2023-08-26T02:45:10+00:00\",\"dateModified\":\"2023-08-26T02:45:10+00:00\",\"breadcrumb\":{\"@id\":\"https:\/\/vietpassiontravel.com\/en\/shipping-policy\/#breadcrumb\"},\"inLanguage\":\"en-US\",\"potentialAction\":[{\"@type\":\"ReadAction\",\"target\":[\"https:\/\/vietpassiontravel.com\/en\/shipping-policy\/\"]}]},{\"@type\":\"BreadcrumbList\",\"@id\":\"https:\/\/vietpassiontravel.com\/en\/shipping-policy\/#breadcrumb\",\"itemListElement\":[{\"@type\":\"ListItem\",\"position\":1,\"name\":\"Trang ch\u1ee7\",\"item\":\"https:\/\/vietpassiontravel.com\/en\/\"},{\"@type\":\"ListItem\",\"position\":2,\"name\":\"Shipping policy\"}]},{\"@type\":\"WebSite\",\"@id\":\"https:\/\/vietpassiontravel.com\/#website\",\"url\":\"https:\/\/vietpassiontravel.com\/\",\"name\":\"Tour Booking\",\"description\":\"\",\"potentialAction\":[{\"@type\":\"SearchAction\",\"target\":{\"@type\":\"EntryPoint\",\"urlTemplate\":\"https:\/\/vietpassiontravel.com\/?s={search_term_string}\"},\"query-input\":\"required name=search_term_string\"}],\"inLanguage\":\"en-US\"}]}<\/script>\n<!-- \/ Yoast SEO plugin. -->","yoast_head_json":{"title":"Shipping policy - Tour Booking","robots":{"index":"noindex","follow":"follow","max-snippet":"max-snippet:-1","max-image-preview":"max-image-preview:large","max-video-preview":"max-video-preview:-1"},"og_locale":"en_US","og_type":"article","og_title":"Shipping policy - Tour Booking","og_description":"Ch\u00ednh s\u00e1ch v\u1eadn chuy\u1ec3n giao nh\u1eadn c\u00e0i \u0111\u1eb7t \u0111\u01b0\u1ee3c C\u00d4NG TY TR\u00c1CH NHI\u1ec6M H\u1eeeU H\u1ea0N THE SINH TOUR ONLINE th\u1ef1c hi\u1ec7n \u0111\u1ea7y \u0111\u1ee7 v\u00e0 b\u1ea3o m\u1eadt, cung c\u1ea5p c\u00e1c th\u00f4ng tin t\u1edbi kh\u00e1ch h\u00e0ng b\u1eb1ng nhi\u1ec1u ph\u01b0\u01a1ng th\u1ee9c ch\u00ednh x\u00e1c nh\u1ea5t. Ch\u00ednh s\u00e1ch v\u1eadn chuy\u1ec3n, giao nh\u1eadn, c\u00e0i \u0111\u1eb7t: Website qu\u00fd kh\u00e1ch khi thi\u1ebft k\u1ebf...","og_url":"https:\/\/vietpassiontravel.com\/en\/shipping-policy\/","og_site_name":"Tour Booking","og_image":[{"url":"https:\/\/vietpassiontravel.com\/wp-content\/uploads\/2023\/08\/chinh-sach-van-chuyen-giao-nhan-cai-dat.jpg"}],"twitter_card":"summary_large_image","twitter_misc":{"Est. reading time":"2 minutes"},"schema":{"@context":"https:\/\/schema.org","@graph":[{"@type":"WebPage","@id":"https:\/\/vietpassiontravel.com\/en\/shipping-policy\/","url":"https:\/\/vietpassiontravel.com\/en\/shipping-policy\/","name":"Shipping policy - Tour Booking","isPartOf":{"@id":"https:\/\/vietpassiontravel.com\/#website"},"datePublished":"2023-08-26T02:45:10+00:00","dateModified":"2023-08-26T02:45:10+00:00","breadcrumb":{"@id":"https:\/\/vietpassiontravel.com\/en\/shipping-policy\/#breadcrumb"},"inLanguage":"en-US","potentialAction":[{"@type":"ReadAction","target":["https:\/\/vietpassiontravel.com\/en\/shipping-policy\/"]}]},{"@type":"BreadcrumbList","@id":"https:\/\/vietpassiontravel.com\/en\/shipping-policy\/#breadcrumb","itemListElement":[{"@type":"ListItem","position":1,"name":"Trang ch\u1ee7","item":"https:\/\/vietpassiontravel.com\/en\/"},{"@type":"ListItem","position":2,"name":"Shipping policy"}]},{"@type":"WebSite","@id":"https:\/\/vietpassiontravel.com\/#website","url":"https:\/\/vietpassiontravel.com\/","name":"Tour Booking","description":"","potentialAction":[{"@type":"SearchAction","target":{"@type":"EntryPoint","urlTemplate":"https:\/\/vietpassiontravel.com\/?s={search_term_string}"},"query-input":"required name=search_term_string"}],"inLanguage":"en-US"}]}},"_links":{"self":[{"href":"https:\/\/vietpassiontravel.com\/en\/wp-json\/wp\/v2\/pages\/612"}],"collection":[{"href":"https:\/\/vietpassiontravel.com\/en\/wp-json\/wp\/v2\/pages"}],"about":[{"href":"https:\/\/vietpassiontravel.com\/en\/wp-json\/wp\/v2\/types\/page"}],"author":[{"embeddable":true,"href":"https:\/\/vietpassiontravel.com\/en\/wp-json\/wp\/v2\/users\/1"}],"replies":[{"embeddable":true,"href":"https:\/\/vietpassiontravel.com\/en\/wp-json\/wp\/v2\/comments?post=612"}],"version-history":[{"count":1,"href":"https:\/\/vietpassiontravel.com\/en\/wp-json\/wp\/v2\/pages\/612\/revisions"}],"predecessor-version":[{"id":613,"href":"https:\/\/vietpassiontravel.com\/en\/wp-json\/wp\/v2\/pages\/612\/revisions\/613"}],"wp:attachment":[{"href":"https:\/\/vietpassiontravel.com\/en\/wp-json\/wp\/v2\/media?parent=612"}],"curies":[{"name":"wp","href":"https:\/\/api.w.org\/{rel}","templated":true}]}}